{"id":11,"date":"2024-05-29T19:20:19","date_gmt":"2024-05-29T19:20:19","guid":{"rendered":"http:\/\/nuwijkcoffee.com\/cart\/"},"modified":"2024-08-30T09:24:52","modified_gmt":"2024-08-30T15:24:52","slug":"carrito","status":"publish","type":"page","link":"https:\/\/nuwijkcoffee.com\/en\/carrito\/","title":{"rendered":"Carrito"},"content":{"rendered":"<div data-block-name=\"woocommerce\/cart\" class=\"wp-block-woocommerce-cart alignwide is-loading\">\n<div data-block-name=\"woocommerce\/filled-cart-block\" class=\"wp-block-woocommerce-filled-cart-block\">\n<div data-block-name=\"woocommerce\/cart-items-block\" class=\"wp-block-woocommerce-cart-items-block\">\n<div data-block-name=\"woocommerce\/cart-line-items-block\" class=\"wp-block-woocommerce-cart-line-items-block\"><\/div>\n\n\n\n<div data-block-name=\"woocommerce\/cart-cross-sells-block\" class=\"wp-block-woocommerce-cart-cross-sells-block\">\n<h2 class=\"wp-block-heading has-large-font-size\">You may be interested in\u2026<\/h2>\n\n\n\n<div data-block-name=\"woocommerce\/cart-cross-sells-products-block\" class=\"wp-block-woocommerce-cart-cross-sells-products-block\"><\/div>\n<\/div>\n<\/div>\n\n\n\n<div data-block-name=\"woocommerce\/cart-totals-block\" class=\"wp-block-woocommerce-cart-totals-block\">\n<div data-block-name=\"woocommerce\/cart-order-summary-block\" class=\"wp-block-woocommerce-cart-order-summary-block\">\n<div data-block-name=\"woocommerce\/cart-order-summary-heading-block\" class=\"wp-block-woocommerce-cart-order-summary-heading-block\"><\/div><div data-block-name=\"woocommerce\/cart-order-summary-coupon-form-block\" class=\"wp-block-woocommerce-cart-order-summary-coupon-form-block\"><\/div><div data-block-name=\"woocommerce\/cart-order-summary-totals-block\" class=\"wp-block-woocommerce-cart-order-summary-totals-block\">\n<div data-block-name=\"woocommerce\/cart-order-summary-subtotal-block\" class=\"wp-block-woocommerce-cart-order-summary-subtotal-block\"><\/div>\n<div data-block-name=\"woocommerce\/cart-order-summary-discount-block\" class=\"wp-block-woocommerce-cart-order-summary-discount-block\"><\/div>\n<div data-block-name=\"woocommerce\/cart-order-summary-fee-block\" class=\"wp-block-woocommerce-cart-order-summary-fee-block\"><\/div>\n<div data-block-name=\"woocommerce\/cart-order-summary-shipping-block\" class=\"wp-block-woocommerce-cart-order-summary-shipping-block\"><\/div>\n<div data-block-name=\"woocommerce\/cart-order-summary-taxes-block\" class=\"wp-block-woocommerce-cart-order-summary-taxes-block\"><\/div><\/div>\n<\/div>\n\n\n\n<div data-block-name=\"woocommerce\/cart-express-payment-block\" class=\"wp-block-woocommerce-cart-express-payment-block\"><\/div>\n\n\n\n<div data-block-name=\"woocommerce\/proceed-to-checkout-block\" class=\"wp-block-woocommerce-proceed-to-checkout-block\"><\/div>\n\n\n\n<div data-block-name=\"woocommerce\/cart-accepted-payment-methods-block\" class=\"wp-block-woocommerce-cart-accepted-payment-methods-block\"><\/div>\n<\/div>\n<\/div>\n\n\n\n<div data-block-name=\"woocommerce\/empty-cart-block\" class=\"wp-block-woocommerce-empty-cart-block\">\n<h2 class=\"wp-block-heading has-text-align-center with-empty-cart-icon wc-block-cart__empty-cart__title\">Your cart is currently empty!<\/h2>\n\n\n\n<hr class=\"wp-block-separator has-alpha-channel-opacity is-style-dots\"\/>\n\n\n\n<h2 class=\"wp-block-heading has-text-align-center\">New in store<\/h2>\n\n\n<div data-block-name=\"woocommerce\/product-new\" data-columns=\"4\" data-rows=\"1\" class=\"wc-block-grid wp-block-product-new wp-block-woocommerce-product-new wc-block-product-new has-4-columns\"><ul class=\"wc-block-grid__products\"><li class=\"wc-block-grid__product\">\n\t\t\t\t<a href=\"https:\/\/nuwijkcoffee.com\/en\/product\/maquina-de-cafe-en-capsulas\/\" class=\"wc-block-grid__product-link\">\n\t\t\t\t\t\n\t\t\t\t\t<div class=\"wc-block-grid__product-image\"><img fetchpriority=\"high\" decoding=\"async\" width=\"300\" height=\"400\" src=\"https:\/\/nuwijkcoffee.com\/wp-content\/uploads\/2025\/11\/Maquina-de-Cafe-en-Capsulas-300x400.jpg\" class=\"attachment-woocommerce_thumbnail size-woocommerce_thumbnail\" alt=\"M\u00e1quina de Caf\u00e9 en C\u00e1psulas\" \/><\/div>\n\t\t\t\t\t<div class=\"wc-block-grid__product-title\">M\u00e1quina de Caf\u00e9 en C\u00e1psulas<\/div>\n\t\t\t\t<\/a>\n\t\t\t\t<div class=\"wc-block-grid__product-price price\"><span class=\"woocommerce-Price-amount amount\"><span class=\"woocommerce-Price-currencySymbol\">&#x20a1;<\/span>129,000<\/span><\/div>\n\t\t\t\t\n\t\t\t\t<div class=\"wp-block-button wc-block-grid__product-add-to-cart\"><a href=\"https:\/\/nuwijkcoffee.com\/en\/product\/maquina-de-cafe-en-capsulas\/\" aria-label=\"Select options for \u201cM\u00e1quina de Caf\u00e9 en C\u00e1psulas\u201d\" data-quantity=\"1\" data-product_id=\"824\" data-product_sku=\"\" data-price=\"129000\" rel=\"nofollow\" class=\"wp-block-button__link  add_to_cart_button\" data-no-translation=\"\" data-trp-gettext=\"\" data-no-translation-aria-label=\"\">Select options<\/a><\/div>\n\t\t\t<\/li><li class=\"wc-block-grid__product\">\n\t\t\t\t<a href=\"https:\/\/nuwijkcoffee.com\/en\/product\/prensa-francesa-de-acero-inoxidable-para-el-hogar\/\" class=\"wc-block-grid__product-link\">\n\t\t\t\t\t\n\t\t\t\t\t<div class=\"wc-block-grid__product-image\"><img decoding=\"async\" width=\"300\" height=\"400\" src=\"https:\/\/nuwijkcoffee.com\/wp-content\/uploads\/2025\/11\/Prensa-francesa-de-acero-inoxidable-para-el-hogar-300x400.jpg\" class=\"attachment-woocommerce_thumbnail size-woocommerce_thumbnail\" alt=\"Prensa francesa de acero inoxidable para el hogar\" \/><\/div>\n\t\t\t\t\t<div class=\"wc-block-grid__product-title\">Prensa francesa de acero inoxidable para el hogar<\/div>\n\t\t\t\t<\/a>\n\t\t\t\t<div class=\"wc-block-grid__product-price price\"><span class=\"woocommerce-Price-amount amount\" aria-hidden=\"true\"><span class=\"woocommerce-Price-currencySymbol\">&#x20a1;<\/span>29,900<\/span> <span aria-hidden=\"true\">&ndash;<\/span> <span class=\"woocommerce-Price-amount amount\" aria-hidden=\"true\"><span class=\"woocommerce-Price-currencySymbol\">&#x20a1;<\/span>38,500<\/span><span class=\"screen-reader-text\" data-no-translation=\"\" data-trp-gettext=\"\">Price range: &#x20a1;29,900 through &#x20a1;38,500<\/span><\/div>\n\t\t\t\t\n\t\t\t\t<div class=\"wp-block-button wc-block-grid__product-add-to-cart\"><a href=\"https:\/\/nuwijkcoffee.com\/en\/product\/prensa-francesa-de-acero-inoxidable-para-el-hogar\/\" aria-label=\"Select options for \u201cPrensa francesa de acero inoxidable para el hogar\u201d\" data-quantity=\"1\" data-product_id=\"818\" data-product_sku=\"\" data-price=\"29900\" rel=\"nofollow\" class=\"wp-block-button__link  add_to_cart_button\" data-no-translation=\"\" data-trp-gettext=\"\" data-no-translation-aria-label=\"\">Select options<\/a><\/div>\n\t\t\t<\/li><li class=\"wc-block-grid__product\">\n\t\t\t\t<a href=\"https:\/\/nuwijkcoffee.com\/en\/product\/maquina-de-cafe-espresso-portatil\/\" class=\"wc-block-grid__product-link\">\n\t\t\t\t\t\n\t\t\t\t\t<div class=\"wc-block-grid__product-image\"><img decoding=\"async\" width=\"300\" height=\"400\" src=\"https:\/\/nuwijkcoffee.com\/wp-content\/uploads\/2025\/11\/Nuwijk-Coffee-Maquina-de-Cafe-Espresso-Portable-Color-Cafe-300x400.jpg\" class=\"attachment-woocommerce_thumbnail size-woocommerce_thumbnail\" alt=\"M\u00e1quina de Caf\u00e9 Espresso Port\u00e1til\" \/><\/div>\n\t\t\t\t\t<div class=\"wc-block-grid__product-title\">M\u00e1quina de Caf\u00e9 Espresso Port\u00e1til<\/div>\n\t\t\t\t<\/a>\n\t\t\t\t<div class=\"wc-block-grid__product-price price\"><span class=\"woocommerce-Price-amount amount\"><span class=\"woocommerce-Price-currencySymbol\">&#x20a1;<\/span>69,000<\/span><\/div>\n\t\t\t\t\n\t\t\t\t<div class=\"wp-block-button wc-block-grid__product-add-to-cart\"><a href=\"\/en\/wp-json\/wp\/v2\/pages\/11?add-to-cart=807\" aria-label=\"Add to cart: \u201cM\u00e1quina de Caf\u00e9 Espresso Port\u00e1til\u201d\" data-quantity=\"1\" data-product_id=\"807\" data-product_sku=\"\" data-price=\"69000\" rel=\"nofollow\" class=\"wp-block-button__link  add_to_cart_button ajax_add_to_cart\" data-no-translation=\"\" data-trp-gettext=\"\" data-no-translation-aria-label=\"\">Add to cart<\/a><\/div>\n\t\t\t<\/li><li class=\"wc-block-grid__product\">\n\t\t\t\t<a href=\"https:\/\/nuwijkcoffee.com\/en\/product\/cafe-tueste-claro\/\" class=\"wc-block-grid__product-link\">\n\t\t\t\t\t\n\t\t\t\t\t<div class=\"wc-block-grid__product-image\"><img loading=\"lazy\" decoding=\"async\" width=\"300\" height=\"400\" src=\"https:\/\/nuwijkcoffee.com\/wp-content\/uploads\/2025\/11\/Nuwijk-Coffee-tueste-claro-300x400.jpg\" class=\"attachment-woocommerce_thumbnail size-woocommerce_thumbnail\" alt=\"Caf\u00e9 Tueste Claro\" \/><\/div>\n\t\t\t\t\t<div class=\"wc-block-grid__product-title\">Caf\u00e9 Tueste Claro<\/div>\n\t\t\t\t<\/a>\n\t\t\t\t<div class=\"wc-block-grid__product-price price\"><\/div>\n\t\t\t\t\n\t\t\t\t<div class=\"wp-block-button wc-block-grid__product-add-to-cart\"><a href=\"https:\/\/nuwijkcoffee.com\/en\/product\/cafe-tueste-claro\/\" aria-label=\"Select options for \u201cCaf\u00e9 Tueste Claro\u201d\" data-quantity=\"1\" data-product_id=\"804\" data-product_sku=\"\" data-price=\"6300\" rel=\"nofollow\" class=\"wp-block-button__link  add_to_cart_button\" data-no-translation=\"\" data-trp-gettext=\"\" data-no-translation-aria-label=\"\">Select options<\/a><\/div>\n\t\t\t<\/li><\/ul><\/div><\/div>\n<\/div>","protected":false},"excerpt":{"rendered":"","protected":false},"author":1,"featured_media":0,"parent":0,"menu_order":0,"comment_status":"closed","ping_status":"open","template":"","meta":{"footnotes":""},"class_list":["post-11","page","type-page","status-publish","hentry"],"blocksy_meta":[],"yoast_head":"<!-- This site is optimized with the Yoast SEO plugin v26.8 - https:\/\/yoast.com\/product\/yoast-seo-wordpress\/ -->\n<title>Carrito - Nuwijk Coffee<\/title>\n<meta name=\"robots\" content=\"index, follow, max-snippet:-1, max-image-preview:large, max-video-preview:-1\" \/>\n<link rel=\"canonical\" href=\"https:\/\/nuwijkcoffee.com\/en\/carrito\/\" \/>\n<meta property=\"og:locale\" content=\"en_US\" \/>\n<meta property=\"og:type\" content=\"article\" \/>\n<meta property=\"og:title\" content=\"Carrito - Nuwijk Coffee\" \/>\n<meta property=\"og:url\" content=\"https:\/\/nuwijkcoffee.com\/en\/carrito\/\" \/>\n<meta property=\"og:site_name\" content=\"Nuwijk Coffee\" \/>\n<meta property=\"article:modified_time\" content=\"2024-08-30T15:24:52+00:00\" \/>\n<meta name=\"twitter:card\" content=\"summary_large_image\" \/>\n<script type=\"application\/ld+json\" class=\"yoast-schema-graph\">{\"@context\":\"https:\/\/schema.org\",\"@graph\":[{\"@type\":\"WebPage\",\"@id\":\"https:\/\/nuwijkcoffee.com\/carrito\/\",\"url\":\"https:\/\/nuwijkcoffee.com\/carrito\/\",\"name\":\"Carrito - Nuwijk Coffee\",\"isPartOf\":{\"@id\":\"https:\/\/nuwijkcoffee.com\/#website\"},\"datePublished\":\"2024-05-29T19:20:19+00:00\",\"dateModified\":\"2024-08-30T15:24:52+00:00\",\"breadcrumb\":{\"@id\":\"https:\/\/nuwijkcoffee.com\/carrito\/#breadcrumb\"},\"inLanguage\":\"en-US\",\"potentialAction\":[{\"@type\":\"ReadAction\",\"target\":[\"https:\/\/nuwijkcoffee.com\/carrito\/\"]}]},{\"@type\":\"BreadcrumbList\",\"@id\":\"https:\/\/nuwijkcoffee.com\/carrito\/#breadcrumb\",\"itemListElement\":[{\"@type\":\"ListItem\",\"position\":1,\"name\":\"Home\",\"item\":\"https:\/\/nuwijkcoffee.com\/\"},{\"@type\":\"ListItem\",\"position\":2,\"name\":\"Carrito\"}]},{\"@type\":\"WebSite\",\"@id\":\"https:\/\/nuwijkcoffee.com\/#website\",\"url\":\"https:\/\/nuwijkcoffee.com\/\",\"name\":\"Nuwijk Coffee\",\"description\":\"Specialty Coffee and Utensils\",\"publisher\":{\"@id\":\"https:\/\/nuwijkcoffee.com\/#organization\"},\"potentialAction\":[{\"@type\":\"SearchAction\",\"target\":{\"@type\":\"EntryPoint\",\"urlTemplate\":\"https:\/\/nuwijkcoffee.com\/?s={search_term_string}\"},\"query-input\":{\"@type\":\"PropertyValueSpecification\",\"valueRequired\":true,\"valueName\":\"search_term_string\"}}],\"inLanguage\":\"en-US\"},{\"@type\":\"Organization\",\"@id\":\"https:\/\/nuwijkcoffee.com\/#organization\",\"name\":\"Nuwijk Coffee\",\"url\":\"https:\/\/nuwijkcoffee.com\/\",\"logo\":{\"@type\":\"ImageObject\",\"inLanguage\":\"en-US\",\"@id\":\"https:\/\/nuwijkcoffee.com\/#\/schema\/logo\/image\/\",\"url\":\"https:\/\/nuwijkcoffee.com\/wp-content\/uploads\/2024\/09\/Logo-Cafe.png\",\"contentUrl\":\"https:\/\/nuwijkcoffee.com\/wp-content\/uploads\/2024\/09\/Logo-Cafe.png\",\"width\":500,\"height\":500,\"caption\":\"Nuwijk Coffee\"},\"image\":{\"@id\":\"https:\/\/nuwijkcoffee.com\/#\/schema\/logo\/image\/\"}}]}<\/script>\n<!-- \/ Yoast SEO plugin. -->","yoast_head_json":{"title":"Carrito - Nuwijk Coffee","robots":{"index":"index","follow":"follow","max-snippet":"max-snippet:-1","max-image-preview":"max-image-preview:large","max-video-preview":"max-video-preview:-1"},"canonical":"https:\/\/nuwijkcoffee.com\/en\/carrito\/","og_locale":"en_US","og_type":"article","og_title":"Carrito - Nuwijk Coffee","og_url":"https:\/\/nuwijkcoffee.com\/en\/carrito\/","og_site_name":"Nuwijk Coffee","article_modified_time":"2024-08-30T15:24:52+00:00","twitter_card":"summary_large_image","schema":{"@context":"https:\/\/schema.org","@graph":[{"@type":"WebPage","@id":"https:\/\/nuwijkcoffee.com\/carrito\/","url":"https:\/\/nuwijkcoffee.com\/carrito\/","name":"Carrito - Nuwijk Coffee","isPartOf":{"@id":"https:\/\/nuwijkcoffee.com\/#website"},"datePublished":"2024-05-29T19:20:19+00:00","dateModified":"2024-08-30T15:24:52+00:00","breadcrumb":{"@id":"https:\/\/nuwijkcoffee.com\/carrito\/#breadcrumb"},"inLanguage":"en-US","potentialAction":[{"@type":"ReadAction","target":["https:\/\/nuwijkcoffee.com\/carrito\/"]}]},{"@type":"BreadcrumbList","@id":"https:\/\/nuwijkcoffee.com\/carrito\/#breadcrumb","itemListElement":[{"@type":"ListItem","position":1,"name":"Home","item":"https:\/\/nuwijkcoffee.com\/"},{"@type":"ListItem","position":2,"name":"Carrito"}]},{"@type":"WebSite","@id":"https:\/\/nuwijkcoffee.com\/#website","url":"https:\/\/nuwijkcoffee.com\/","name":"Nuwijk Coffee","description":"Specialty Coffee and Utensils","publisher":{"@id":"https:\/\/nuwijkcoffee.com\/#organization"},"potentialAction":[{"@type":"SearchAction","target":{"@type":"EntryPoint","urlTemplate":"https:\/\/nuwijkcoffee.com\/?s={search_term_string}"},"query-input":{"@type":"PropertyValueSpecification","valueRequired":true,"valueName":"search_term_string"}}],"inLanguage":"en-US"},{"@type":"Organization","@id":"https:\/\/nuwijkcoffee.com\/#organization","name":"Nuwijk Coffee","url":"https:\/\/nuwijkcoffee.com\/","logo":{"@type":"ImageObject","inLanguage":"en-US","@id":"https:\/\/nuwijkcoffee.com\/#\/schema\/logo\/image\/","url":"https:\/\/nuwijkcoffee.com\/wp-content\/uploads\/2024\/09\/Logo-Cafe.png","contentUrl":"https:\/\/nuwijkcoffee.com\/wp-content\/uploads\/2024\/09\/Logo-Cafe.png","width":500,"height":500,"caption":"Nuwijk Coffee"},"image":{"@id":"https:\/\/nuwijkcoffee.com\/#\/schema\/logo\/image\/"}}]}},"_links":{"self":[{"href":"https:\/\/nuwijkcoffee.com\/en\/wp-json\/wp\/v2\/pages\/11","targetHints":{"allow":["GET"]}}],"collection":[{"href":"https:\/\/nuwijkcoffee.com\/en\/wp-json\/wp\/v2\/pages"}],"about":[{"href":"https:\/\/nuwijkcoffee.com\/en\/wp-json\/wp\/v2\/types\/page"}],"author":[{"embeddable":true,"href":"https:\/\/nuwijkcoffee.com\/en\/wp-json\/wp\/v2\/users\/1"}],"replies":[{"embeddable":true,"href":"https:\/\/nuwijkcoffee.com\/en\/wp-json\/wp\/v2\/comments?post=11"}],"version-history":[{"count":1,"href":"https:\/\/nuwijkcoffee.com\/en\/wp-json\/wp\/v2\/pages\/11\/revisions"}],"predecessor-version":[{"id":576,"href":"https:\/\/nuwijkcoffee.com\/en\/wp-json\/wp\/v2\/pages\/11\/revisions\/576"}],"wp:attachment":[{"href":"https:\/\/nuwijkcoffee.com\/en\/wp-json\/wp\/v2\/media?parent=11"}],"curies":[{"name":"wp","href":"https:\/\/api.w.org\/{rel}","templated":true}]}}